{"id":820,"date":"2021-11-08T12:48:56","date_gmt":"2021-11-08T18:48:56","guid":{"rendered":"https:\/\/www.cgnbe.mx\/?page_id=820"},"modified":"2022-04-21T13:04:28","modified_gmt":"2022-04-21T18:04:28","slug":"grafica-nominacion-confirmacion-diario","status":"publish","type":"page","link":"https:\/\/www.cgnbe.mx\/en\/informes\/grafica-nominacion-confirmacion-diario\/","title":{"rendered":"Gr\u00e1fica Nominaci\u00f3n &#8211; Confirmaci\u00f3n (diario)"},"content":{"rendered":"\t\t<div data-elementor-type=\"wp-page\" data-elementor-id=\"820\" class=\"elementor elementor-820\" data-elementor-post-type=\"page\">\n\t\t\t\t\t\t<section data-particle_enable=\"false\" data-particle-mobile-disabled=\"false\" class=\"elementor-section elementor-top-section elementor-element elementor-element-1a630c1d elementor-section-height-min-height elementor-section-boxed elementor-section-height-default elementor-section-items-middle\" data-id=\"1a630c1d\" data-element_type=\"section\" data-e-type=\"section\" data-settings=\"{&quot;background_background&quot;:&quot;classic&quot;,&quot;shape_divider_bottom&quot;:&quot;triangle&quot;,&quot;background_motion_fx_motion_fx_scrolling&quot;:&quot;yes&quot;,&quot;background_motion_fx_translateY_effect&quot;:&quot;yes&quot;,&quot;background_motion_fx_translateY_speed&quot;:{&quot;unit&quot;:&quot;px&quot;,&quot;size&quot;:2,&quot;sizes&quot;:[]},&quot;background_motion_fx_translateY_affectedRange&quot;:{&quot;unit&quot;:&quot;%&quot;,&quot;size&quot;:&quot;&quot;,&quot;sizes&quot;:{&quot;start&quot;:0,&quot;end&quot;:100}},&quot;background_motion_fx_devices&quot;:[&quot;desktop&quot;,&quot;tablet&quot;,&quot;mobile&quot;]}\">\n\t\t\t\t\t\t\t<div class=\"elementor-background-overlay\"><\/div>\n\t\t\t\t\t\t<div class=\"elementor-shape elementor-shape-bottom\" aria-hidden=\"true\" data-negative=\"false\">\n\t\t\t<svg xmlns=\"http:\/\/www.w3.org\/2000\/svg\" viewBox=\"0 0 1000 100\" preserveAspectRatio=\"none\">\n\t<path class=\"elementor-shape-fill\" d=\"M500,98.9L0,6.1V0h1000v6.1L500,98.9z\"\/>\n<\/svg>\t\t<\/div>\n\t\t\t\t\t<div class=\"elementor-container elementor-column-gap-default\">\n\t\t\t\t\t<div class=\"elementor-column elementor-col-100 elementor-top-column elementor-element elementor-element-43f2aa46\" data-id=\"43f2aa46\" data-element_type=\"column\" data-e-type=\"column\">\n\t\t\t<div class=\"elementor-widget-wrap elementor-element-populated\">\n\t\t\t\t\t\t\t<\/div>\n\t\t<\/div>\n\t\t\t\t\t<\/div>\n\t\t<\/section>\n\t\t\t\t<section data-particle_enable=\"false\" data-particle-mobile-disabled=\"false\" class=\"elementor-section elementor-top-section elementor-element elementor-element-f9d8aed elementor-section-boxed elementor-section-height-default elementor-section-height-default\" data-id=\"f9d8aed\" data-element_type=\"section\" data-e-type=\"section\">\n\t\t\t\t\t\t<div class=\"elementor-container elementor-column-gap-default\">\n\t\t\t\t\t<div class=\"elementor-column elementor-col-100 elementor-top-column elementor-element elementor-element-4137348e\" data-id=\"4137348e\" data-element_type=\"column\" data-e-type=\"column\">\n\t\t\t<div class=\"elementor-widget-wrap elementor-element-populated\">\n\t\t\t\t\t\t<div class=\"elementor-element elementor-element-7aef8947 elementor-nav-menu__align-justify elementor-nav-menu--dropdown-mobile elementor-nav-menu__text-align-center elementor-nav-menu--toggle elementor-nav-menu--burger elementor-widget elementor-widget-nav-menu\" data-id=\"7aef8947\" data-element_type=\"widget\" data-e-type=\"widget\" data-settings=\"{&quot;submenu_icon&quot;:{&quot;value&quot;:&quot;&lt;i class=\\&quot;\\&quot; aria-hidden=\\&quot;true\\&quot;&gt;&lt;\\\/i&gt;&quot;,&quot;library&quot;:&quot;&quot;},&quot;layout&quot;:&quot;horizontal&quot;,&quot;toggle&quot;:&quot;burger&quot;}\" data-widget_type=\"nav-menu.default\">\n\t\t\t\t<div class=\"elementor-widget-container\">\n\t\t\t\t\t\t\t\t<nav aria-label=\"Menu\" class=\"elementor-nav-menu--main elementor-nav-menu__container elementor-nav-menu--layout-horizontal e--pointer-background e--animation-fade\">\n\t\t\t\t<ul id=\"menu-1-7aef8947\" class=\"elementor-nav-menu\"><li class=\"menu-item menu-item-type-post_type menu-item-object-page menu-item-835\"><a href=\"https:\/\/www.cgnbe.mx\/en\/informes\/calidad-del-gas\/\" class=\"elementor-item menu-link\">Calidad del Gas<\/a><\/li>\n<li class=\"menu-item menu-item-type-post_type menu-item-object-page menu-item-834\"><a href=\"https:\/\/www.cgnbe.mx\/en\/informes\/volumen-de-recepcion-entrega\/\" class=\"elementor-item menu-link\">Volumen de Recepci\u00f3n \u2013 Entrega<\/a><\/li>\n<li class=\"menu-item menu-item-type-post_type menu-item-object-page menu-item-833\"><a href=\"https:\/\/www.cgnbe.mx\/en\/informes\/grafica-capacidad-mensual\/\" class=\"elementor-item menu-link\">Gr\u00e1fica de Capacidad disponible para Servicios en Base Firme<\/a><\/li>\n<li class=\"menu-item menu-item-type-post_type menu-item-object-page menu-item-832\"><a href=\"https:\/\/www.cgnbe.mx\/en\/informes\/grafica-desbalance-diario\/\" class=\"elementor-item menu-link\">Gr\u00e1fica Desbalance (diario)<\/a><\/li>\n<li class=\"menu-item menu-item-type-post_type menu-item-object-page menu-item-831\"><a href=\"https:\/\/www.cgnbe.mx\/en\/informes\/grafica-nominacion-confirmacion-diario\/\" class=\"elementor-item menu-link\">Gr\u00e1fica Nominaci\u00f3n \u2013 Confirmaci\u00f3n (diario)<\/a><\/li>\n<li class=\"menu-item menu-item-type-post_type menu-item-object-page menu-item-836\"><a href=\"https:\/\/www.cgnbe.mx\/en\/informes\/grafica-volumen-diario\/\" class=\"elementor-item menu-link\">Gr\u00e1fica Volumen (diario)<\/a><\/li>\n<li class=\"menu-item menu-item-type-post_type menu-item-object-page menu-item-837\"><a href=\"https:\/\/www.cgnbe.mx\/en\/informes\/grafica-presion-diario\/\" class=\"elementor-item menu-link\">Gr\u00e1fica Presi\u00f3n (diario)<\/a><\/li>\n<\/ul>\t\t\t<\/nav>\n\t\t\t\t\t<div class=\"elementor-menu-toggle\" role=\"button\" tabindex=\"0\" aria-label=\"Menu Toggle\" aria-expanded=\"false\">\n\t\t\t<i aria-hidden=\"true\" role=\"presentation\" class=\"elementor-menu-toggle__icon--open eicon-menu-bar\"><\/i><i aria-hidden=\"true\" role=\"presentation\" class=\"elementor-menu-toggle__icon--close eicon-close\"><\/i>\t\t<\/div>\n\t\t\t\t\t<nav class=\"elementor-nav-menu--dropdown elementor-nav-menu__container\" aria-hidden=\"true\">\n\t\t\t\t<ul id=\"menu-2-7aef8947\" class=\"elementor-nav-menu\"><li class=\"menu-item menu-item-type-post_type menu-item-object-page menu-item-835\"><a href=\"https:\/\/www.cgnbe.mx\/en\/informes\/calidad-del-gas\/\" class=\"elementor-item menu-link\" tabindex=\"-1\">Calidad del Gas<\/a><\/li>\n<li class=\"menu-item menu-item-type-post_type menu-item-object-page menu-item-834\"><a href=\"https:\/\/www.cgnbe.mx\/en\/informes\/volumen-de-recepcion-entrega\/\" class=\"elementor-item menu-link\" tabindex=\"-1\">Volumen de Recepci\u00f3n \u2013 Entrega<\/a><\/li>\n<li class=\"menu-item menu-item-type-post_type menu-item-object-page menu-item-833\"><a href=\"https:\/\/www.cgnbe.mx\/en\/informes\/grafica-capacidad-mensual\/\" class=\"elementor-item menu-link\" tabindex=\"-1\">Gr\u00e1fica de Capacidad disponible para Servicios en Base Firme<\/a><\/li>\n<li class=\"menu-item menu-item-type-post_type menu-item-object-page menu-item-832\"><a href=\"https:\/\/www.cgnbe.mx\/en\/informes\/grafica-desbalance-diario\/\" class=\"elementor-item menu-link\" tabindex=\"-1\">Gr\u00e1fica Desbalance (diario)<\/a><\/li>\n<li class=\"menu-item menu-item-type-post_type menu-item-object-page menu-item-831\"><a href=\"https:\/\/www.cgnbe.mx\/en\/informes\/grafica-nominacion-confirmacion-diario\/\" class=\"elementor-item menu-link\" tabindex=\"-1\">Gr\u00e1fica Nominaci\u00f3n \u2013 Confirmaci\u00f3n (diario)<\/a><\/li>\n<li class=\"menu-item menu-item-type-post_type menu-item-object-page menu-item-836\"><a href=\"https:\/\/www.cgnbe.mx\/en\/informes\/grafica-volumen-diario\/\" class=\"elementor-item menu-link\" tabindex=\"-1\">Gr\u00e1fica Volumen (diario)<\/a><\/li>\n<li class=\"menu-item menu-item-type-post_type menu-item-object-page menu-item-837\"><a href=\"https:\/\/www.cgnbe.mx\/en\/informes\/grafica-presion-diario\/\" class=\"elementor-item menu-link\" tabindex=\"-1\">Gr\u00e1fica Presi\u00f3n (diario)<\/a><\/li>\n<\/ul>\t\t\t<\/nav>\n\t\t\t\t\t\t<\/div>\n\t\t\t\t<\/div>\n\t\t\t\t<div class=\"elementor-element elementor-element-efd5fbc elementor-widget elementor-widget-shortcode\" data-id=\"efd5fbc\" data-element_type=\"widget\" data-e-type=\"widget\" data-widget_type=\"shortcode.default\">\n\t\t\t\t<div class=\"elementor-widget-container\">\n\t\t\t\t\t\t\t<div class=\"elementor-shortcode\"><div class=\"visualizer-front-container visualizer-lazy-render\" id=\"chart_wrapper_visualizer-1186-1568304421\"><style type=\"text\/css\" name=\"visualizer-custom-css\" id=\"customcss-visualizer-1186\">.locker,.locker-loader{position:absolute;top:0;left:0;width:100%;height:100%}.locker{z-index:1000;opacity:.8;background-color:#fff;-ms-filter:\"progid:DXImageTransform.Microsoft.Alpha(Opacity=80)\";filter:alpha(opacity=80)}.locker-loader{z-index:1001;background:url(https:\/\/www.cgnbe.mx\/wp-content\/plugins\/visualizer\/images\/ajax-loader.gif) no-repeat center center}.dt-button{display:none!important}.visualizer-front-container.visualizer-lazy-render{content-visibility: auto;}.google-visualization-controls-categoryfilter label.google-visualization-controls-label {vertical-align: middle;}.google-visualization-controls-categoryfilter li.goog-inline-block {margin: 0 0.2em;}.google-visualization-controls-categoryfilter li {padding: 0 0.2em;}.visualizer-front-container .dataTables_scrollHeadInner{margin: 0 auto;}.visualizer-editor-front-container{position:relative;width:auto;margin:5%;background:#fff}.visualizer-editor-front{overflow:hidden;width:100%;height:500px}.visualizer-editor-front-actions{padding-bottom:3px}.visualizer-editor-save,.visualizer-editor-cancel{margin:0 4px;padding:2px 15px}.visualizer-cw-error .visualizer-actions{display:none !important;} <\/style><div id=\"visualizer-1186-1568304421\" class=\"visualizer-front  visualizer-front-1186\"><\/div><!-- Not showing structured data for chart 1186 because description is empty --><\/div><\/div>\n\t\t\t\t\t\t<\/div>\n\t\t\t\t<\/div>\n\t\t\t\t\t<\/div>\n\t\t<\/div>\n\t\t\t\t\t<\/div>\n\t\t<\/section>\n\t\t\t\t<\/div>\n\t\t","protected":false},"excerpt":{"rendered":"","protected":false},"author":1,"featured_media":0,"parent":101,"menu_order":0,"comment_status":"closed","ping_status":"closed","template":"","meta":{"site-sidebar-layout":"no-sidebar","site-content-layout":"page-builder","ast-site-content-layout":"default","site-content-style":"default","site-sidebar-style":"default","ast-global-header-display":"","ast-banner-title-visibility":"","ast-main-header-display":"","ast-hfb-above-header-display":"","ast-hfb-below-header-display":"","ast-hfb-mobile-header-display":"","site-post-title":"disabled","ast-breadcrumbs-content":"","ast-featured-img":"disabled","footer-sml-layout":"","ast-disable-related-posts":"","theme-transparent-header-meta":"","adv-header-id-meta":"","stick-header-meta":"","header-above-stick-meta":"","header-main-stick-meta":"","header-below-stick-meta":"","astra-migrate-meta-layouts":"default","ast-page-background-enabled":"default","ast-page-background-meta":{"desktop":{"background-color":"var(--ast-global-color-4)","background-image":"","background-repeat":"repeat","background-position":"center center","background-size":"auto","background-attachment":"scroll","background-type":"","background-media":"","overlay-type":"","overlay-color":"","overlay-opacity":"","overlay-gradient":""},"tablet":{"background-color":"","background-image":"","background-repeat":"repeat","background-position":"center center","background-size":"auto","background-attachment":"scroll","background-type":"","background-media":"","overlay-type":"","overlay-color":"","overlay-opacity":"","overlay-gradient":""},"mobile":{"background-color":"","background-image":"","background-repeat":"repeat","background-position":"center center","background-size":"auto","background-attachment":"scroll","background-type":"","background-media":"","overlay-type":"","overlay-color":"","overlay-opacity":"","overlay-gradient":""}},"ast-content-background-meta":{"desktop":{"background-color":"var(--ast-global-color-5)","background-image":"","background-repeat":"repeat","background-position":"center center","background-size":"auto","background-attachment":"scroll","background-type":"","background-media":"","overlay-type":"","overlay-color":"","overlay-opacity":"","overlay-gradient":""},"tablet":{"background-color":"var(--ast-global-color-5)","background-image":"","background-repeat":"repeat","background-position":"center center","background-size":"auto","background-attachment":"scroll","background-type":"","background-media":"","overlay-type":"","overlay-color":"","overlay-opacity":"","overlay-gradient":""},"mobile":{"background-color":"var(--ast-global-color-5)","background-image":"","background-repeat":"repeat","background-position":"center center","background-size":"auto","background-attachment":"scroll","background-type":"","background-media":"","overlay-type":"","overlay-color":"","overlay-opacity":"","overlay-gradient":""}},"footnotes":""},"class_list":["post-820","page","type-page","status-publish","hentry"],"yoast_head":"<!-- This site is optimized with the Yoast SEO plugin v26.9 - https:\/\/yoast.com\/product\/yoast-seo-wordpress\/ -->\n<title>Gr\u00e1fica Nominaci\u00f3n - Confirmaci\u00f3n (diario) - CGNE Bolet\u00edn<\/title>\n<meta name=\"robots\" content=\"index, follow, max-snippet:-1, max-image-preview:large, max-video-preview:-1\" \/>\n<link rel=\"canonical\" href=\"https:\/\/www.cgnbe.mx\/en\/informes\/grafica-nominacion-confirmacion-diario\/\" \/>\n<meta property=\"og:locale\" content=\"en_US\" \/>\n<meta property=\"og:type\" content=\"article\" \/>\n<meta property=\"og:title\" content=\"Gr\u00e1fica Nominaci\u00f3n - Confirmaci\u00f3n (diario) - CGNE Bolet\u00edn\" \/>\n<meta property=\"og:url\" content=\"https:\/\/www.cgnbe.mx\/en\/informes\/grafica-nominacion-confirmacion-diario\/\" \/>\n<meta property=\"og:site_name\" content=\"CGNE Bolet\u00edn\" \/>\n<meta property=\"article:modified_time\" content=\"2022-04-21T18:04:28+00:00\" \/>\n<meta name=\"twitter:card\" content=\"summary_large_image\" \/>\n<script type=\"application\/ld+json\" class=\"yoast-schema-graph\">{\"@context\":\"https:\/\/schema.org\",\"@graph\":[{\"@type\":\"WebPage\",\"@id\":\"https:\/\/www.cgnbe.mx\/informes\/grafica-nominacion-confirmacion-diario\/\",\"url\":\"https:\/\/www.cgnbe.mx\/informes\/grafica-nominacion-confirmacion-diario\/\",\"name\":\"Gr\u00e1fica Nominaci\u00f3n - Confirmaci\u00f3n (diario) - CGNE Bolet\u00edn\",\"isPartOf\":{\"@id\":\"https:\/\/www.cgnbe.mx\/#website\"},\"datePublished\":\"2021-11-08T18:48:56+00:00\",\"dateModified\":\"2022-04-21T18:04:28+00:00\",\"breadcrumb\":{\"@id\":\"https:\/\/www.cgnbe.mx\/informes\/grafica-nominacion-confirmacion-diario\/#breadcrumb\"},\"inLanguage\":\"en-US\",\"potentialAction\":[{\"@type\":\"ReadAction\",\"target\":[\"https:\/\/www.cgnbe.mx\/informes\/grafica-nominacion-confirmacion-diario\/\"]}]},{\"@type\":\"BreadcrumbList\",\"@id\":\"https:\/\/www.cgnbe.mx\/informes\/grafica-nominacion-confirmacion-diario\/#breadcrumb\",\"itemListElement\":[{\"@type\":\"ListItem\",\"position\":1,\"name\":\"Portada\",\"item\":\"https:\/\/www.cgnbe.mx\/\"},{\"@type\":\"ListItem\",\"position\":2,\"name\":\"Informes\",\"item\":\"https:\/\/www.cgnbe.mx\/informes\/\"},{\"@type\":\"ListItem\",\"position\":3,\"name\":\"Gr\u00e1fica Nominaci\u00f3n &#8211; Confirmaci\u00f3n (diario)\"}]},{\"@type\":\"WebSite\",\"@id\":\"https:\/\/www.cgnbe.mx\/#website\",\"url\":\"https:\/\/www.cgnbe.mx\/\",\"name\":\"CGNE Bolet\u00edn\",\"description\":\"CGNE Bolet\u00edn\",\"publisher\":{\"@id\":\"https:\/\/www.cgnbe.mx\/#organization\"},\"potentialAction\":[{\"@type\":\"SearchAction\",\"target\":{\"@type\":\"EntryPoint\",\"urlTemplate\":\"https:\/\/www.cgnbe.mx\/?s={search_term_string}\"},\"query-input\":{\"@type\":\"PropertyValueSpecification\",\"valueRequired\":true,\"valueName\":\"search_term_string\"}}],\"inLanguage\":\"en-US\"},{\"@type\":\"Organization\",\"@id\":\"https:\/\/www.cgnbe.mx\/#organization\",\"name\":\"CGNE Bolet\u00edn\",\"url\":\"https:\/\/www.cgnbe.mx\/\",\"logo\":{\"@type\":\"ImageObject\",\"inLanguage\":\"en-US\",\"@id\":\"https:\/\/www.cgnbe.mx\/#\/schema\/logo\/image\/\",\"url\":\"https:\/\/www.cgnbe.mx\/wp-content\/uploads\/2021\/10\/cropped-logoCarsoEnergy.png\",\"contentUrl\":\"https:\/\/www.cgnbe.mx\/wp-content\/uploads\/2021\/10\/cropped-logoCarsoEnergy.png\",\"width\":243,\"height\":81,\"caption\":\"CGNE Bolet\u00edn\"},\"image\":{\"@id\":\"https:\/\/www.cgnbe.mx\/#\/schema\/logo\/image\/\"}}]}<\/script>\n<!-- \/ Yoast SEO plugin. -->","yoast_head_json":{"title":"Gr\u00e1fica Nominaci\u00f3n - Confirmaci\u00f3n (diario) - CGNE Bolet\u00edn","robots":{"index":"index","follow":"follow","max-snippet":"max-snippet:-1","max-image-preview":"max-image-preview:large","max-video-preview":"max-video-preview:-1"},"canonical":"https:\/\/www.cgnbe.mx\/en\/informes\/grafica-nominacion-confirmacion-diario\/","og_locale":"en_US","og_type":"article","og_title":"Gr\u00e1fica Nominaci\u00f3n - Confirmaci\u00f3n (diario) - CGNE Bolet\u00edn","og_url":"https:\/\/www.cgnbe.mx\/en\/informes\/grafica-nominacion-confirmacion-diario\/","og_site_name":"CGNE Bolet\u00edn","article_modified_time":"2022-04-21T18:04:28+00:00","twitter_card":"summary_large_image","schema":{"@context":"https:\/\/schema.org","@graph":[{"@type":"WebPage","@id":"https:\/\/www.cgnbe.mx\/informes\/grafica-nominacion-confirmacion-diario\/","url":"https:\/\/www.cgnbe.mx\/informes\/grafica-nominacion-confirmacion-diario\/","name":"Gr\u00e1fica Nominaci\u00f3n - Confirmaci\u00f3n (diario) - CGNE Bolet\u00edn","isPartOf":{"@id":"https:\/\/www.cgnbe.mx\/#website"},"datePublished":"2021-11-08T18:48:56+00:00","dateModified":"2022-04-21T18:04:28+00:00","breadcrumb":{"@id":"https:\/\/www.cgnbe.mx\/informes\/grafica-nominacion-confirmacion-diario\/#breadcrumb"},"inLanguage":"en-US","potentialAction":[{"@type":"ReadAction","target":["https:\/\/www.cgnbe.mx\/informes\/grafica-nominacion-confirmacion-diario\/"]}]},{"@type":"BreadcrumbList","@id":"https:\/\/www.cgnbe.mx\/informes\/grafica-nominacion-confirmacion-diario\/#breadcrumb","itemListElement":[{"@type":"ListItem","position":1,"name":"Portada","item":"https:\/\/www.cgnbe.mx\/"},{"@type":"ListItem","position":2,"name":"Informes","item":"https:\/\/www.cgnbe.mx\/informes\/"},{"@type":"ListItem","position":3,"name":"Gr\u00e1fica Nominaci\u00f3n &#8211; Confirmaci\u00f3n (diario)"}]},{"@type":"WebSite","@id":"https:\/\/www.cgnbe.mx\/#website","url":"https:\/\/www.cgnbe.mx\/","name":"CGNE Bolet\u00edn","description":"CGNE Bolet\u00edn","publisher":{"@id":"https:\/\/www.cgnbe.mx\/#organization"},"potentialAction":[{"@type":"SearchAction","target":{"@type":"EntryPoint","urlTemplate":"https:\/\/www.cgnbe.mx\/?s={search_term_string}"},"query-input":{"@type":"PropertyValueSpecification","valueRequired":true,"valueName":"search_term_string"}}],"inLanguage":"en-US"},{"@type":"Organization","@id":"https:\/\/www.cgnbe.mx\/#organization","name":"CGNE Bolet\u00edn","url":"https:\/\/www.cgnbe.mx\/","logo":{"@type":"ImageObject","inLanguage":"en-US","@id":"https:\/\/www.cgnbe.mx\/#\/schema\/logo\/image\/","url":"https:\/\/www.cgnbe.mx\/wp-content\/uploads\/2021\/10\/cropped-logoCarsoEnergy.png","contentUrl":"https:\/\/www.cgnbe.mx\/wp-content\/uploads\/2021\/10\/cropped-logoCarsoEnergy.png","width":243,"height":81,"caption":"CGNE Bolet\u00edn"},"image":{"@id":"https:\/\/www.cgnbe.mx\/#\/schema\/logo\/image\/"}}]}},"_links":{"self":[{"href":"https:\/\/www.cgnbe.mx\/en\/wp-json\/wp\/v2\/pages\/820","targetHints":{"allow":["GET"]}}],"collection":[{"href":"https:\/\/www.cgnbe.mx\/en\/wp-json\/wp\/v2\/pages"}],"about":[{"href":"https:\/\/www.cgnbe.mx\/en\/wp-json\/wp\/v2\/types\/page"}],"author":[{"embeddable":true,"href":"https:\/\/www.cgnbe.mx\/en\/wp-json\/wp\/v2\/users\/1"}],"replies":[{"embeddable":true,"href":"https:\/\/www.cgnbe.mx\/en\/wp-json\/wp\/v2\/comments?post=820"}],"version-history":[{"count":13,"href":"https:\/\/www.cgnbe.mx\/en\/wp-json\/wp\/v2\/pages\/820\/revisions"}],"predecessor-version":[{"id":1210,"href":"https:\/\/www.cgnbe.mx\/en\/wp-json\/wp\/v2\/pages\/820\/revisions\/1210"}],"up":[{"embeddable":true,"href":"https:\/\/www.cgnbe.mx\/en\/wp-json\/wp\/v2\/pages\/101"}],"wp:attachment":[{"href":"https:\/\/www.cgnbe.mx\/en\/wp-json\/wp\/v2\/media?parent=820"}],"curies":[{"name":"wp","href":"https:\/\/api.w.org\/{rel}","templated":true}]}}