{"id":775,"date":"2021-11-08T12:33:44","date_gmt":"2021-11-08T18:33:44","guid":{"rendered":"https:\/\/www.cgnbe.mx\/?page_id=775"},"modified":"2021-11-08T12:44:37","modified_gmt":"2021-11-08T18:44:37","slug":"permisos-de-transporte","status":"publish","type":"page","link":"https:\/\/www.cgnbe.mx\/en\/documentos\/permisos-de-transporte\/","title":{"rendered":"Gas Transmission Permits"},"content":{"rendered":"\t\t<div data-elementor-type=\"wp-page\" data-elementor-id=\"775\" class=\"elementor elementor-775\" data-elementor-post-type=\"page\">\n\t\t\t\t\t\t<section data-particle_enable=\"false\" data-particle-mobile-disabled=\"false\" class=\"elementor-section elementor-top-section elementor-element elementor-element-178e5d23 elementor-section-height-min-height elementor-section-boxed elementor-section-height-default elementor-section-items-middle\" data-id=\"178e5d23\" data-element_type=\"section\" data-e-type=\"section\" data-settings=\"{&quot;background_background&quot;:&quot;classic&quot;,&quot;shape_divider_bottom&quot;:&quot;triangle&quot;,&quot;background_motion_fx_motion_fx_scrolling&quot;:&quot;yes&quot;,&quot;background_motion_fx_translateY_effect&quot;:&quot;yes&quot;,&quot;background_motion_fx_translateY_speed&quot;:{&quot;unit&quot;:&quot;px&quot;,&quot;size&quot;:2,&quot;sizes&quot;:[]},&quot;background_motion_fx_translateY_affectedRange&quot;:{&quot;unit&quot;:&quot;%&quot;,&quot;size&quot;:&quot;&quot;,&quot;sizes&quot;:{&quot;start&quot;:0,&quot;end&quot;:100}},&quot;background_motion_fx_devices&quot;:[&quot;desktop&quot;,&quot;tablet&quot;,&quot;mobile&quot;]}\">\n\t\t\t\t\t\t\t<div class=\"elementor-background-overlay\"><\/div>\n\t\t\t\t\t\t<div class=\"elementor-shape elementor-shape-bottom\" aria-hidden=\"true\" data-negative=\"false\">\n\t\t\t<svg xmlns=\"http:\/\/www.w3.org\/2000\/svg\" viewBox=\"0 0 1000 100\" preserveAspectRatio=\"none\">\n\t<path class=\"elementor-shape-fill\" d=\"M500,98.9L0,6.1V0h1000v6.1L500,98.9z\"\/>\n<\/svg>\t\t<\/div>\n\t\t\t\t\t<div class=\"elementor-container elementor-column-gap-default\">\n\t\t\t\t\t<div class=\"elementor-column elementor-col-100 elementor-top-column elementor-element elementor-element-8ee44e5\" data-id=\"8ee44e5\" data-element_type=\"column\" data-e-type=\"column\">\n\t\t\t<div class=\"elementor-widget-wrap elementor-element-populated\">\n\t\t\t\t\t\t\t<\/div>\n\t\t<\/div>\n\t\t\t\t\t<\/div>\n\t\t<\/section>\n\t\t\t\t<section data-particle_enable=\"false\" data-particle-mobile-disabled=\"false\" class=\"elementor-section elementor-top-section elementor-element elementor-element-1fa25521 elementor-section-boxed elementor-section-height-default elementor-section-height-default\" data-id=\"1fa25521\" data-element_type=\"section\" data-e-type=\"section\">\n\t\t\t\t\t\t<div class=\"elementor-container elementor-column-gap-default\">\n\t\t\t\t\t<div class=\"elementor-column elementor-col-100 elementor-top-column elementor-element elementor-element-2e5ba836\" data-id=\"2e5ba836\" data-element_type=\"column\" data-e-type=\"column\">\n\t\t\t<div class=\"elementor-widget-wrap elementor-element-populated\">\n\t\t\t\t\t\t<div class=\"elementor-element elementor-element-e213ba9 elementor-nav-menu__align-justify elementor-nav-menu--dropdown-mobile elementor-nav-menu__text-align-center elementor-nav-menu--toggle elementor-nav-menu--burger elementor-widget elementor-widget-nav-menu\" data-id=\"e213ba9\" data-element_type=\"widget\" data-e-type=\"widget\" data-settings=\"{&quot;submenu_icon&quot;:{&quot;value&quot;:&quot;&lt;i class=\\&quot;\\&quot; aria-hidden=\\&quot;true\\&quot;&gt;&lt;\\\/i&gt;&quot;,&quot;library&quot;:&quot;&quot;},&quot;layout&quot;:&quot;horizontal&quot;,&quot;toggle&quot;:&quot;burger&quot;}\" data-widget_type=\"nav-menu.default\">\n\t\t\t\t<div class=\"elementor-widget-container\">\n\t\t\t\t\t\t\t\t<nav aria-label=\"Menu\" class=\"elementor-nav-menu--main elementor-nav-menu__container elementor-nav-menu--layout-horizontal e--pointer-background e--animation-fade\">\n\t\t\t\t<ul id=\"menu-1-e213ba9\" class=\"elementor-nav-menu\"><li class=\"menu-item menu-item-type-post_type menu-item-object-page menu-item-784\"><a href=\"https:\/\/www.cgnbe.mx\/en\/documentos\/generales\/\" class=\"elementor-item menu-link\">Generales<\/a><\/li>\n<li class=\"menu-item menu-item-type-post_type menu-item-object-page menu-item-783\"><a href=\"https:\/\/www.cgnbe.mx\/en\/documentos\/marco-normativo\/\" class=\"elementor-item menu-link\">Marco normativo<\/a><\/li>\n<li class=\"menu-item menu-item-type-post_type menu-item-object-page menu-item-785\"><a href=\"https:\/\/www.cgnbe.mx\/en\/documentos\/permisos-de-transporte\/\" class=\"elementor-item menu-link\">Permisos de Transporte<\/a><\/li>\n<li class=\"menu-item menu-item-type-post_type menu-item-object-page menu-item-786\"><a href=\"https:\/\/www.cgnbe.mx\/en\/documentos\/resolutivo\/\" class=\"elementor-item menu-link\">Resolutivo<\/a><\/li>\n<\/ul>\t\t\t<\/nav>\n\t\t\t\t\t<div class=\"elementor-menu-toggle\" role=\"button\" tabindex=\"0\" aria-label=\"Menu Toggle\" aria-expanded=\"false\">\n\t\t\t<i aria-hidden=\"true\" role=\"presentation\" class=\"elementor-menu-toggle__icon--open eicon-menu-bar\"><\/i><i aria-hidden=\"true\" role=\"presentation\" class=\"elementor-menu-toggle__icon--close eicon-close\"><\/i>\t\t<\/div>\n\t\t\t\t\t<nav class=\"elementor-nav-menu--dropdown elementor-nav-menu__container\" aria-hidden=\"true\">\n\t\t\t\t<ul id=\"menu-2-e213ba9\" class=\"elementor-nav-menu\"><li class=\"menu-item menu-item-type-post_type menu-item-object-page menu-item-784\"><a href=\"https:\/\/www.cgnbe.mx\/en\/documentos\/generales\/\" class=\"elementor-item menu-link\" tabindex=\"-1\">Generales<\/a><\/li>\n<li class=\"menu-item menu-item-type-post_type menu-item-object-page menu-item-783\"><a href=\"https:\/\/www.cgnbe.mx\/en\/documentos\/marco-normativo\/\" class=\"elementor-item menu-link\" tabindex=\"-1\">Marco normativo<\/a><\/li>\n<li class=\"menu-item menu-item-type-post_type menu-item-object-page menu-item-785\"><a href=\"https:\/\/www.cgnbe.mx\/en\/documentos\/permisos-de-transporte\/\" class=\"elementor-item menu-link\" tabindex=\"-1\">Permisos de Transporte<\/a><\/li>\n<li class=\"menu-item menu-item-type-post_type menu-item-object-page menu-item-786\"><a href=\"https:\/\/www.cgnbe.mx\/en\/documentos\/resolutivo\/\" class=\"elementor-item menu-link\" tabindex=\"-1\">Resolutivo<\/a><\/li>\n<\/ul>\t\t\t<\/nav>\n\t\t\t\t\t\t<\/div>\n\t\t\t\t<\/div>\n\t\t\t\t<div class=\"elementor-element elementor-element-26e9b5fb elementor-widget elementor-widget-wpdm-all-packages\" data-id=\"26e9b5fb\" data-element_type=\"widget\" data-e-type=\"widget\" data-widget_type=\"wpdm-all-packages.default\">\n\t\t\t\t<div class=\"elementor-widget-container\">\n\t\t\t\t\t\n    <script>\n        jQuery(function($){\n\n            var __dt = $('#wpdmmydls-af736fab219cbbea52e469b4f4b0fd6c').dataTable({\n                \"dom\": '<\"wpdmdt-toolbar\"lfrB>t<\"wpdmdt-toolbarb\"ip>',\n                responsive: true,\n                \"order\": [[ 0, \"desc\" ]],\n                \"language\": {\n                    \"lengthMenu\": \"Display _MENU_ downloads per page\",\n                    \"zeroRecords\": \"Nothing _START_ to - sorry\",\n                    \"info\": \"Showing _START_ to _END_ of _TOTAL_ downloads\",\n                    \"infoEmpty\": \"No downloads available\",\n                    \"infoFiltered\": \"(filtered from _MAX_ total downloads)\",\n                    \"emptyTable\":     \"No data available in table\",\n                    \"infoPostFix\":    \"\",\n                    \"thousands\":      \",\",\n                    \"loadingRecords\": \"Loading...\",\n                    \"processing\":     \"Processing...\",\n                    \"search\":         \"Search:\",\n                    \"paginate\": {\n                        \"first\":      \"First\",\n                        \"last\":       \"Last\",\n                        \"next\":       \"Next\",\n                        \"previous\":   \"Previous\"\n                    },\n                    \"aria\": {\n                        \"sortAscending\":  \" : activate to sort column ascending\",\n                        \"sortDescending\": \": activate to sort column descending\"\n                    }\n                },\n                \"iDisplayLength\": 10,\n                \"aLengthMenu\": [[10, 10, 25, 50, -1], [10, 10, 25, 50, \"All\"]]\n            });\n\n                    });\n    <\/script>\n<style>\n    .wpdmdt-toolbar {\n        padding: 10px;\n    }\n    .wpdmdt-toolbarb {\n        padding: 5px 10px 10px;\n    }\n    .wpdmdt-toolbar > div {\n        display: inline-block;\n    }\n    table,td,th{\n        border: 0;\n    }\n    #wpdm-all-packages .card{\n        overflow: hidden;\n    }\n    .dataTables_wrapper .table{\n        margin: 0;\n    }\n    #wpdmmydls-af736fab219cbbea52e469b4f4b0fd6c{\n        border-bottom: 1px solid #dddddd;\n        border-top: 1px solid #dddddd;\n        font-size: 10pt;\n        min-width: 100%;\n    }\n    #wpdmmydls-af736fab219cbbea52e469b4f4b0fd6c .wpdm-download-link img{\n        box-shadow: none !important;\n        max-width: 100%;\n    }\n    .w3eden .pagination{\n        margin: 0 !important;\n    }\n    #wpdmmydls-af736fab219cbbea52e469b4f4b0fd6c td:not(:first-child){\n        vertical-align: middle !important;\n    }\n    #wpdmmydls-af736fab219cbbea52e469b4f4b0fd6c td.__dt_col_download_link .btn{\n        display: flex;\n        width: 100%;\n    }\n    #wpdmmydls-af736fab219cbbea52e469b4f4b0fd6c td.__dt_col_download_link,\n    #wpdmmydls-af736fab219cbbea52e469b4f4b0fd6c th#download_link{\n        max-width: 155px !important;\n        width: 155px;\n\n    }\n    #wpdmmydls-af736fab219cbbea52e469b4f4b0fd6c th{\n        background-color: rgba(0,0,0,0.04);\n        border-bottom: 1px solid rgba(0,0,0,0.025);\n    }\n    #wpdmmydls-af736fab219cbbea52e469b4f4b0fd6c_length label,\n    #wpdmmydls-af736fab219cbbea52e469b4f4b0fd6c_filter label{\n        font-weight: 400;\n    }\n    #wpdmmydls-af736fab219cbbea52e469b4f4b0fd6c_filter input[type=search]{\n        display: inline-block;\n        width: 200px;\n    }\n    #wpdmmydls-af736fab219cbbea52e469b4f4b0fd6c_length select{\n        display: inline-block;\n        width: 60px;\n    }\n\n    #wpdmmydls-af736fab219cbbea52e469b4f4b0fd6c .package-title{\n        color:#36597C;\n        font-size: 11pt;\n        font-weight: 700;\n    }\n    #wpdmmydls-af736fab219cbbea52e469b4f4b0fd6c .small-txt{\n        margin-right: 7px;\n    }\n    #wpdmmydls-af736fab219cbbea52e469b4f4b0fd6c td{\n        min-width: 150px;\n    }\n\n    #wpdmmydls-af736fab219cbbea52e469b4f4b0fd6c td.__dt_col_categories{\n        max-width: 300px;\n    }\n\n    #wpdmmydls-af736fab219cbbea52e469b4f4b0fd6c .small-txt,\n    #wpdmmydls-af736fab219cbbea52e469b4f4b0fd6c small{\n        font-size: 9pt;\n    }\n    .w3eden .table-striped tbody tr:nth-of-type(2n+1) {\n        background-color: rgba(0,0,0,0.015);\n    }\n    .dataTables_wrapper .dataTables_paginate .paginate_button:active,\n    .dataTables_wrapper .dataTables_paginate .paginate_button:focus,\n    .dataTables_wrapper .dataTables_paginate .paginate_button:hover,\n    .dataTables_wrapper .dataTables_paginate .paginate_button{\n        margin: 0 !important;\n        padding: 0 !important;\n        border: 0 !important;\n        background: transparent !important;\n    }\n\n\n    @media (max-width: 799px) {\n        #wpdmmydls-af736fab219cbbea52e469b4f4b0fd6c tr {\n            display: block;\n            border: 3px solid rgba(0,0,0,0.3) !important;\n            margin-bottom: 10px !important;\n            position: relative;\n        }\n        #wpdmmydls-af736fab219cbbea52e469b4f4b0fd6c thead{\n            display: none;\n        }\n        #wpdmmydls-af736fab219cbbea52e469b4f4b0fd6c,\n        #wpdmmydls-af736fab219cbbea52e469b4f4b0fd6c td:first-child {\n            border: 0 !important;\n        }\n        #wpdmmydls-af736fab219cbbea52e469b4f4b0fd6c td {\n            display: block;\n        }\n        #wpdmmydls-af736fab219cbbea52e469b4f4b0fd6c td.__dt_col_download_link {\n            display: block;\n            max-width: 100% !important;\n            width: auto !important;\n\n        }\n    }\n\n\n<\/style>\n<div class=\"w3eden\">\n    <div id=\"wpdm-all-packages\">\n        <table id=\"wpdmmydls-af736fab219cbbea52e469b4f4b0fd6c\" class=\"table table-striped wpdm-all-packages-table\">\n            <thead>\n            <tr>\n                                <th style=\"\"  id=\"link\" class=\"\">Title<\/th>\n                                <th style=\"\"  id=\"categories\" class=\"hidden-sm hidden-xs\">Categories<\/th>\n                                <th style=\"width: 120px !important;max-width: 120px !important;\"  id=\"downloadlink\" class=\"hidden-sm hidden-xs\">Download<\/th>\n                \n            <\/tr>\n            <\/thead>\n            <tbody>\n            \n                    <tr class=\"__dt_row\">\n                                                <td  class=\"__dt_col_0 __dt_col __dt_col_link\" style=\"background-image: url('https:\/\/www.cgnbe.mx\/wp-content\/plugins\/download-manager\/assets\/file-type-icons\/pdf.svg');background-size: 36px;background-position: 5px 8px;background-repeat:  no-repeat;padding-left: 52px;line-height: normal;\">\n                            <div class=\"hidden-md hidden-lg td-mobile\"><\/div>\n\n                        <\/td>\n                                                <td  class=\"__dt_col_1 __dt_col __dt_col_categories\" >\n                            <span class='__dt_categories '><a class='sbyc' href='https:\/\/www.cgnbe.mx\/en\/documentos\/permisos-de-transporte\/?tax%5Bwpdmcategory%5D=permisos-de-transporte'>Permisos de Transporte<\/a><\/span>\n\n                        <\/td>\n                                                <td  class=\"__dt_col_2 __dt_col __dt_col_download_link\" >\n                            <a class='wpdm-download-link download-on-click btn btn-primary ' rel='nofollow' href='#' data-downloadurl=\"https:\/\/www.cgnbe.mx\/en\/download\/titulo-de-permiso-g-20379-tra-2017\/?wpdmdl=562&refresh=69d0c8c1acfb51775290561\">Download<\/a>\n\n                        <\/td>\n                        \n                    <\/tr>\n                                        <\/tbody>\n        <\/table>\n\n        <div class='text-center'><ul class='pagination wpdm-pagination pagination-centered text-center'><\/ul><\/div>\n    <\/div>\n<\/div>\n\t\t\t\t<\/div>\n\t\t\t\t<\/div>\n\t\t\t\t\t<\/div>\n\t\t<\/div>\n\t\t\t\t\t<\/div>\n\t\t<\/section>\n\t\t\t\t<\/div>\n\t\t","protected":false},"excerpt":{"rendered":"<p>Nombre Fecha de publicaci\u00f3n Fecha de actualizaci\u00f3n Tama\u00f1o Descarga Titulo de Permiso G-20379-TRA-2017 noviembre 8, 2021 noviembre 8, 2021 482.29 KB Descargar<\/p>","protected":false},"author":1,"featured_media":0,"parent":100,"menu_order":0,"comment_status":"closed","ping_status":"closed","template":"","meta":{"site-sidebar-layout":"no-sidebar","site-content-layout":"page-builder","ast-site-content-layout":"default","site-content-style":"default","site-sidebar-style":"default","ast-global-header-display":"","ast-banner-title-visibility":"","ast-main-header-display":"","ast-hfb-above-header-display":"","ast-hfb-below-header-display":"","ast-hfb-mobile-header-display":"","site-post-title":"disabled","ast-breadcrumbs-content":"","ast-featured-img":"disabled","footer-sml-layout":"","ast-disable-related-posts":"","theme-transparent-header-meta":"","adv-header-id-meta":"","stick-header-meta":"","header-above-stick-meta":"","header-main-stick-meta":"","header-below-stick-meta":"","astra-migrate-meta-layouts":"default","ast-page-background-enabled":"default","ast-page-background-meta":{"desktop":{"background-color":"var(--ast-global-color-4)","background-image":"","background-repeat":"repeat","background-position":"center center","background-size":"auto","background-attachment":"scroll","background-type":"","background-media":"","overlay-type":"","overlay-color":"","overlay-opacity":"","overlay-gradient":""},"tablet":{"background-color":"","background-image":"","background-repeat":"repeat","background-position":"center center","background-size":"auto","background-attachment":"scroll","background-type":"","background-media":"","overlay-type":"","overlay-color":"","overlay-opacity":"","overlay-gradient":""},"mobile":{"background-color":"","background-image":"","background-repeat":"repeat","background-position":"center center","background-size":"auto","background-attachment":"scroll","background-type":"","background-media":"","overlay-type":"","overlay-color":"","overlay-opacity":"","overlay-gradient":""}},"ast-content-background-meta":{"desktop":{"background-color":"var(--ast-global-color-5)","background-image":"","background-repeat":"repeat","background-position":"center center","background-size":"auto","background-attachment":"scroll","background-type":"","background-media":"","overlay-type":"","overlay-color":"","overlay-opacity":"","overlay-gradient":""},"tablet":{"background-color":"var(--ast-global-color-5)","background-image":"","background-repeat":"repeat","background-position":"center center","background-size":"auto","background-attachment":"scroll","background-type":"","background-media":"","overlay-type":"","overlay-color":"","overlay-opacity":"","overlay-gradient":""},"mobile":{"background-color":"var(--ast-global-color-5)","background-image":"","background-repeat":"repeat","background-position":"center center","background-size":"auto","background-attachment":"scroll","background-type":"","background-media":"","overlay-type":"","overlay-color":"","overlay-opacity":"","overlay-gradient":""}},"footnotes":""},"class_list":["post-775","page","type-page","status-publish","hentry"],"yoast_head":"<!-- This site is optimized with the Yoast SEO plugin v26.9 - https:\/\/yoast.com\/product\/yoast-seo-wordpress\/ -->\n<title>Permisos de Transporte - CGNE Bolet\u00edn<\/title>\n<meta name=\"robots\" content=\"index, follow, max-snippet:-1, max-image-preview:large, max-video-preview:-1\" \/>\n<link rel=\"canonical\" href=\"https:\/\/www.cgnbe.mx\/en\/documentos\/permisos-de-transporte\/\" \/>\n<meta property=\"og:locale\" content=\"en_US\" \/>\n<meta property=\"og:type\" content=\"article\" \/>\n<meta property=\"og:title\" content=\"Permisos de Transporte - CGNE Bolet\u00edn\" \/>\n<meta property=\"og:description\" content=\"Nombre Fecha de publicaci\u00f3n Fecha de actualizaci\u00f3n Tama\u00f1o Descarga Titulo de Permiso G-20379-TRA-2017 noviembre 8, 2021 noviembre 8, 2021 482.29 KB Descargar\" \/>\n<meta property=\"og:url\" content=\"https:\/\/www.cgnbe.mx\/en\/documentos\/permisos-de-transporte\/\" \/>\n<meta property=\"og:site_name\" content=\"CGNE Bolet\u00edn\" \/>\n<meta property=\"article:modified_time\" content=\"2021-11-08T18:44:37+00:00\" \/>\n<meta name=\"twitter:card\" content=\"summary_large_image\" \/>\n<script type=\"application\/ld+json\" class=\"yoast-schema-graph\">{\"@context\":\"https:\/\/schema.org\",\"@graph\":[{\"@type\":\"WebPage\",\"@id\":\"https:\/\/www.cgnbe.mx\/documentos\/permisos-de-transporte\/\",\"url\":\"https:\/\/www.cgnbe.mx\/documentos\/permisos-de-transporte\/\",\"name\":\"Permisos de Transporte - CGNE Bolet\u00edn\",\"isPartOf\":{\"@id\":\"https:\/\/www.cgnbe.mx\/#website\"},\"datePublished\":\"2021-11-08T18:33:44+00:00\",\"dateModified\":\"2021-11-08T18:44:37+00:00\",\"breadcrumb\":{\"@id\":\"https:\/\/www.cgnbe.mx\/documentos\/permisos-de-transporte\/#breadcrumb\"},\"inLanguage\":\"en-US\",\"potentialAction\":[{\"@type\":\"ReadAction\",\"target\":[\"https:\/\/www.cgnbe.mx\/documentos\/permisos-de-transporte\/\"]}]},{\"@type\":\"BreadcrumbList\",\"@id\":\"https:\/\/www.cgnbe.mx\/documentos\/permisos-de-transporte\/#breadcrumb\",\"itemListElement\":[{\"@type\":\"ListItem\",\"position\":1,\"name\":\"Portada\",\"item\":\"https:\/\/www.cgnbe.mx\/\"},{\"@type\":\"ListItem\",\"position\":2,\"name\":\"Documentos\",\"item\":\"https:\/\/www.cgnbe.mx\/documentos\/\"},{\"@type\":\"ListItem\",\"position\":3,\"name\":\"Permisos de Transporte\"}]},{\"@type\":\"WebSite\",\"@id\":\"https:\/\/www.cgnbe.mx\/#website\",\"url\":\"https:\/\/www.cgnbe.mx\/\",\"name\":\"CGNE Bolet\u00edn\",\"description\":\"CGNE Bolet\u00edn\",\"publisher\":{\"@id\":\"https:\/\/www.cgnbe.mx\/#organization\"},\"potentialAction\":[{\"@type\":\"SearchAction\",\"target\":{\"@type\":\"EntryPoint\",\"urlTemplate\":\"https:\/\/www.cgnbe.mx\/?s={search_term_string}\"},\"query-input\":{\"@type\":\"PropertyValueSpecification\",\"valueRequired\":true,\"valueName\":\"search_term_string\"}}],\"inLanguage\":\"en-US\"},{\"@type\":\"Organization\",\"@id\":\"https:\/\/www.cgnbe.mx\/#organization\",\"name\":\"CGNE Bolet\u00edn\",\"url\":\"https:\/\/www.cgnbe.mx\/\",\"logo\":{\"@type\":\"ImageObject\",\"inLanguage\":\"en-US\",\"@id\":\"https:\/\/www.cgnbe.mx\/#\/schema\/logo\/image\/\",\"url\":\"https:\/\/www.cgnbe.mx\/wp-content\/uploads\/2021\/10\/cropped-logoCarsoEnergy.png\",\"contentUrl\":\"https:\/\/www.cgnbe.mx\/wp-content\/uploads\/2021\/10\/cropped-logoCarsoEnergy.png\",\"width\":243,\"height\":81,\"caption\":\"CGNE Bolet\u00edn\"},\"image\":{\"@id\":\"https:\/\/www.cgnbe.mx\/#\/schema\/logo\/image\/\"}}]}<\/script>\n<!-- \/ Yoast SEO plugin. -->","yoast_head_json":{"title":"Permisos de Transporte - CGNE Bolet\u00edn","robots":{"index":"index","follow":"follow","max-snippet":"max-snippet:-1","max-image-preview":"max-image-preview:large","max-video-preview":"max-video-preview:-1"},"canonical":"https:\/\/www.cgnbe.mx\/en\/documentos\/permisos-de-transporte\/","og_locale":"en_US","og_type":"article","og_title":"Permisos de Transporte - CGNE Bolet\u00edn","og_description":"Nombre Fecha de publicaci\u00f3n Fecha de actualizaci\u00f3n Tama\u00f1o Descarga Titulo de Permiso G-20379-TRA-2017 noviembre 8, 2021 noviembre 8, 2021 482.29 KB Descargar","og_url":"https:\/\/www.cgnbe.mx\/en\/documentos\/permisos-de-transporte\/","og_site_name":"CGNE Bolet\u00edn","article_modified_time":"2021-11-08T18:44:37+00:00","twitter_card":"summary_large_image","schema":{"@context":"https:\/\/schema.org","@graph":[{"@type":"WebPage","@id":"https:\/\/www.cgnbe.mx\/documentos\/permisos-de-transporte\/","url":"https:\/\/www.cgnbe.mx\/documentos\/permisos-de-transporte\/","name":"Permisos de Transporte - CGNE Bolet\u00edn","isPartOf":{"@id":"https:\/\/www.cgnbe.mx\/#website"},"datePublished":"2021-11-08T18:33:44+00:00","dateModified":"2021-11-08T18:44:37+00:00","breadcrumb":{"@id":"https:\/\/www.cgnbe.mx\/documentos\/permisos-de-transporte\/#breadcrumb"},"inLanguage":"en-US","potentialAction":[{"@type":"ReadAction","target":["https:\/\/www.cgnbe.mx\/documentos\/permisos-de-transporte\/"]}]},{"@type":"BreadcrumbList","@id":"https:\/\/www.cgnbe.mx\/documentos\/permisos-de-transporte\/#breadcrumb","itemListElement":[{"@type":"ListItem","position":1,"name":"Portada","item":"https:\/\/www.cgnbe.mx\/"},{"@type":"ListItem","position":2,"name":"Documentos","item":"https:\/\/www.cgnbe.mx\/documentos\/"},{"@type":"ListItem","position":3,"name":"Permisos de Transporte"}]},{"@type":"WebSite","@id":"https:\/\/www.cgnbe.mx\/#website","url":"https:\/\/www.cgnbe.mx\/","name":"CGNE Bolet\u00edn","description":"CGNE Bolet\u00edn","publisher":{"@id":"https:\/\/www.cgnbe.mx\/#organization"},"potentialAction":[{"@type":"SearchAction","target":{"@type":"EntryPoint","urlTemplate":"https:\/\/www.cgnbe.mx\/?s={search_term_string}"},"query-input":{"@type":"PropertyValueSpecification","valueRequired":true,"valueName":"search_term_string"}}],"inLanguage":"en-US"},{"@type":"Organization","@id":"https:\/\/www.cgnbe.mx\/#organization","name":"CGNE Bolet\u00edn","url":"https:\/\/www.cgnbe.mx\/","logo":{"@type":"ImageObject","inLanguage":"en-US","@id":"https:\/\/www.cgnbe.mx\/#\/schema\/logo\/image\/","url":"https:\/\/www.cgnbe.mx\/wp-content\/uploads\/2021\/10\/cropped-logoCarsoEnergy.png","contentUrl":"https:\/\/www.cgnbe.mx\/wp-content\/uploads\/2021\/10\/cropped-logoCarsoEnergy.png","width":243,"height":81,"caption":"CGNE Bolet\u00edn"},"image":{"@id":"https:\/\/www.cgnbe.mx\/#\/schema\/logo\/image\/"}}]}},"_links":{"self":[{"href":"https:\/\/www.cgnbe.mx\/en\/wp-json\/wp\/v2\/pages\/775","targetHints":{"allow":["GET"]}}],"collection":[{"href":"https:\/\/www.cgnbe.mx\/en\/wp-json\/wp\/v2\/pages"}],"about":[{"href":"https:\/\/www.cgnbe.mx\/en\/wp-json\/wp\/v2\/types\/page"}],"author":[{"embeddable":true,"href":"https:\/\/www.cgnbe.mx\/en\/wp-json\/wp\/v2\/users\/1"}],"replies":[{"embeddable":true,"href":"https:\/\/www.cgnbe.mx\/en\/wp-json\/wp\/v2\/comments?post=775"}],"version-history":[{"count":4,"href":"https:\/\/www.cgnbe.mx\/en\/wp-json\/wp\/v2\/pages\/775\/revisions"}],"predecessor-version":[{"id":803,"href":"https:\/\/www.cgnbe.mx\/en\/wp-json\/wp\/v2\/pages\/775\/revisions\/803"}],"up":[{"embeddable":true,"href":"https:\/\/www.cgnbe.mx\/en\/wp-json\/wp\/v2\/pages\/100"}],"wp:attachment":[{"href":"https:\/\/www.cgnbe.mx\/en\/wp-json\/wp\/v2\/media?parent=775"}],"curies":[{"name":"wp","href":"https:\/\/api.w.org\/{rel}","templated":true}]}}